{"id":3829,"date":"2018-06-03T13:37:59","date_gmt":"2018-06-03T10:37:59","guid":{"rendered":"https:\/\/www.dinegitimikongresi.com\/?page_id=3829"},"modified":"2018-11-06T18:23:18","modified_gmt":"2018-11-06T15:23:18","slug":"kongre-yeri","status":"publish","type":"page","link":"https:\/\/www.dinegitimikongresi.com\/2018\/tr\/kongre-yeri\/","title":{"rendered":"Kongre Yeri"},"content":{"rendered":"<div class=\"gdlr-shortcode-wrapper\"><div class=\"gdlr-item-title-wrapper gdlr-item pos-left \"><div class=\"gdlr-item-title-head\"><h3 class=\"gdlr-item-title gdlr-skin-title gdlr-skin-border gdlr-title-small\"><strong>HAVAALANI-OTEL TRANSFER<\/strong><\/h3><div class=\"clear\"><\/div><\/div><div class=\"gdlr-item-title-divider\"><\/div><\/div><\/div>\n<h2>De\u011ferli kat\u0131l\u0131mc\u0131lar,<br \/>\nHavaalan\u0131ndan otele transfer kat\u0131l\u0131mc\u0131lar\u0131m\u0131z\u0131n kendi imkanlar\u0131yla ger\u00e7ekle\u015fecektir. Bununla birlikte otel, tranferler i\u00e7in Rent a Car hizmeti sunmaktad\u0131r. Otelle yap\u0131lan g\u00f6r\u00fc\u015fmeyle kongre kat\u0131l\u0131mc\u0131lar\u0131na \u00f6zel\u00a0 a\u015fa\u011f\u0131daki fiyatlar al\u0131nm\u0131\u015ft\u0131r.<\/h2>\n<h2>1-3 ki\u015fi 140 TL<br \/>\n4-6 ki\u015fi 200 TL<br \/>\n8-14 ki\u015fi 300 TL<br \/>\nBu hizmetten yararlanmak isteyen kat\u0131l\u0131mc\u0131lar\u0131m\u0131z\u0131n Rent a Car sorumlusu Kerem Bask\u0131n beyle irtibata ge\u00e7mesi gerekmektedir.<\/h2>\n<h2>U\u00e7u\u015f bilgilerini whatsapp&#8217;tan ya da sms yoluyla Kerem Bask\u0131n\u2019a ula\u015ft\u0131rman\u0131z halinde, sizin i\u00e7in en az maliyetli trasnfer se\u00e7enekleri olu\u015fturulabilecektir.<br \/>\nNOT: Belirtilen fiyatlar toplam \u00fccret olup ki\u015fi say\u0131s\u0131na b\u00f6l\u00fcnerek kat\u0131l\u0131mc\u0131lardan \u00fccret al\u0131nacakt\u0131r.<\/h2>\n<h2>Kerem Bask\u0131n Te: +90532 315 9331<\/h2>\n<div class=\"gdlr-shortcode-wrapper\"><div class=\"gdlr-item-title-wrapper gdlr-item pos-left \"><div class=\"gdlr-item-title-head\"><h3 class=\"gdlr-item-title gdlr-skin-title gdlr-skin-border gdlr-title-small\"><strong>KONGRE YER\u0130<\/strong><\/h3><div class=\"clear\"><\/div><\/div><div class=\"gdlr-item-title-divider\"><\/div><\/div><\/div>\n<p>Limak Limra Hotel &amp; Resort<br \/>\nSahil Cad. No: 11 Kiri\u015f \/ Kemer \/ ANTALYA<br \/>\nTel: +90.242.824 53 00 (pbx)<br \/>\nFax: +90.242.824 77 78 \u2013 79<br \/>\n<strong>Web:<\/strong> <a href=\"https:\/\/www.limakhotels.com\/tr\/limak-limra-hotel-resort\">www.limakhotels.com\/tr\/limak-limra-hotel-resort<\/a><br \/>\n<strong>E-mail:<\/strong> <a href=\"mailto:info@limrahotel.info\">limra@limrakhotels.com<\/a><\/p>\n<p><iframe style=\"border: 0;\" src=\"https:\/\/www.google.com\/maps\/embed?pb=!1m14!1m8!1m3!1d12817.787938835094!2d30.5769425!3d36.567445!3m2!1i1024!2i768!4f13.1!3m3!1m2!1s0x0%3A0xa13c2682aad17e0a!2sLimak+Limra+Hotel+%26+Resort!5e0!3m2!1str!2str!4v1532122561742\" frameborder=\"0\" allowfullscreen=\"allowfullscreen\"><\/iframe><\/p>\n","protected":false},"excerpt":{"rendered":"<p>De\u011ferli kat\u0131l\u0131mc\u0131lar, Havaalan\u0131ndan otele transfer kat\u0131l\u0131mc\u0131lar\u0131m\u0131z\u0131n kendi imkanlar\u0131yla ger\u00e7ekle\u015fecektir. Bununla birlikte otel, tranferler i\u00e7in Rent a Car hizmeti sunmaktad\u0131r. Otelle yap\u0131lan g\u00f6r\u00fc\u015fmeyle kongre kat\u0131l\u0131mc\u0131lar\u0131na \u00f6zel\u00a0 a\u015fa\u011f\u0131daki fiyatlar al\u0131nm\u0131\u015ft\u0131r. 1-3 ki\u015fi 140 TL 4-6 ki\u015fi 200 TL 8-14 ki\u015fi 300 TL Bu hizmetten yararlanmak isteyen kat\u0131l\u0131mc\u0131lar\u0131m\u0131z\u0131n Rent a Car sorumlusu Kerem Bask\u0131n beyle irtibata ge\u00e7mesi gerekmektedir&#8230;. <\/p>\n<div class=\"clear\"><\/div>\n<p><a href=\"https:\/\/www.dinegitimikongresi.com\/2018\/tr\/kongre-yeri\/\" class=\"gdlr-info-font excerpt-read-more\">Read More<\/a><\/p>\n","protected":false},"author":1,"featured_media":0,"parent":0,"menu_order":0,"comment_status":"closed","ping_status":"closed","template":"","meta":[],"_links":{"self":[{"href":"https:\/\/www.dinegitimikongresi.com\/2018\/wp-json\/wp\/v2\/pages\/3829"}],"collection":[{"href":"https:\/\/www.dinegitimikongresi.com\/2018\/wp-json\/wp\/v2\/pages"}],"about":[{"href":"https:\/\/www.dinegitimikongresi.com\/2018\/wp-json\/wp\/v2\/types\/page"}],"author":[{"embeddable":true,"href":"https:\/\/www.dinegitimikongresi.com\/2018\/wp-json\/wp\/v2\/users\/1"}],"replies":[{"embeddable":true,"href":"https:\/\/www.dinegitimikongresi.com\/2018\/wp-json\/wp\/v2\/comments?post=3829"}],"version-history":[{"count":10,"href":"https:\/\/www.dinegitimikongresi.com\/2018\/wp-json\/wp\/v2\/pages\/3829\/revisions"}],"predecessor-version":[{"id":4681,"href":"https:\/\/www.dinegitimikongresi.com\/2018\/wp-json\/wp\/v2\/pages\/3829\/revisions\/4681"}],"wp:attachment":[{"href":"https:\/\/www.dinegitimikongresi.com\/2018\/wp-json\/wp\/v2\/media?parent=3829"}],"curies":[{"name":"wp","href":"https:\/\/api.w.org\/{rel}","templated":true}]}}