{"id":4306,"date":"2018-06-03T13:18:50","date_gmt":"2018-06-03T10:18:50","guid":{"rendered":"https:\/\/www.dinegitimikongresi.com\/?page_id=4306"},"modified":"2019-01-18T19:04:03","modified_gmt":"2019-01-18T16:04:03","slug":"congress-programme-abstracts","status":"publish","type":"page","link":"https:\/\/www.dinegitimikongresi.com\/2018\/en\/congress-programme-abstracts\/","title":{"rendered":"Congress Programme \/ Abstracts \/ Proceedings Book"},"content":{"rendered":"<h1>\u00d6zet Kitab\u0131 i\u00e7in T\u0131klay\u0131n\u0131z \/\u00a0 Click Here for Abstract Book<\/h1>\n<h1><a href=\"https:\/\/www.dinegitimikongresi.com\/wp-content\/uploads\/2018\/11\/\u00f6zet-kitab\u0131_abstract-book-2018.pdf\">\u00f6zet kitab\u0131_abstract book 2018<\/a><\/h1>\n<h1>Kongre Program\u0131 i\u00e7in t\u0131klay\u0131n\u0131z \/ Click here for congress programme<\/h1>\n<h1><a href=\"https:\/\/www.dinegitimikongresi.com\/wp-content\/uploads\/2018\/11\/2.UDEK_PROGRAM-K\u0130TAPCI\u011eI.pdf\">2.UDEK_Program<\/a><\/h1>\n<h1><span style=\"color: #ff0000;\">Click here for proceedings book :<\/span><a href=\"https:\/\/www.dinegitimikongresi.com\/wp-content\/uploads\/2019\/01\/bildiri-kitab\u0131-proceedings-book.pdf\">proceedings book<\/a><\/h1>\n","protected":false},"excerpt":{"rendered":"<p>\u00d6zet Kitab\u0131 i\u00e7in T\u0131klay\u0131n\u0131z \/\u00a0 Click Here for Abstract Book \u00f6zet kitab\u0131_abstract book 2018 Kongre Program\u0131 i\u00e7in t\u0131klay\u0131n\u0131z \/ Click here for congress programme 2.UDEK_Program Click here for proceedings book :proceedings book<\/p>\n","protected":false},"author":1,"featured_media":0,"parent":0,"menu_order":0,"comment_status":"closed","ping_status":"closed","template":"","meta":[],"_links":{"self":[{"href":"https:\/\/www.dinegitimikongresi.com\/2018\/wp-json\/wp\/v2\/pages\/4306"}],"collection":[{"href":"https:\/\/www.dinegitimikongresi.com\/2018\/wp-json\/wp\/v2\/pages"}],"about":[{"href":"https:\/\/www.dinegitimikongresi.com\/2018\/wp-json\/wp\/v2\/types\/page"}],"author":[{"embeddable":true,"href":"https:\/\/www.dinegitimikongresi.com\/2018\/wp-json\/wp\/v2\/users\/1"}],"replies":[{"embeddable":true,"href":"https:\/\/www.dinegitimikongresi.com\/2018\/wp-json\/wp\/v2\/comments?post=4306"}],"version-history":[{"count":10,"href":"https:\/\/www.dinegitimikongresi.com\/2018\/wp-json\/wp\/v2\/pages\/4306\/revisions"}],"predecessor-version":[{"id":4739,"href":"https:\/\/www.dinegitimikongresi.com\/2018\/wp-json\/wp\/v2\/pages\/4306\/revisions\/4739"}],"wp:attachment":[{"href":"https:\/\/www.dinegitimikongresi.com\/2018\/wp-json\/wp\/v2\/media?parent=4306"}],"curies":[{"name":"wp","href":"https:\/\/api.w.org\/{rel}","templated":true}]}}