{"id":4379,"date":"2018-06-03T13:34:39","date_gmt":"2018-06-03T10:34:39","guid":{"rendered":"https:\/\/www.dinegitimikongresi.com\/?page_id=4379"},"modified":"2018-11-03T08:34:18","modified_gmt":"2018-11-03T05:34:18","slug":"congress-boards","status":"publish","type":"page","link":"https:\/\/www.dinegitimikongresi.com\/2018\/en\/congress-boards\/","title":{"rendered":"Congress Boards"},"content":{"rendered":"<div class=\"gdlr-item gdlr-content-item\">\n<div class=\"gdlr-shortcode-wrapper\"><div class=\"gdlr-item-title-wrapper gdlr-item pos-left \"><div class=\"gdlr-item-title-head\"><h3 class=\"gdlr-item-title gdlr-skin-title gdlr-skin-border gdlr-title-small\">Orginising Board<\/h3><div class=\"clear\"><\/div><\/div><div class=\"gdlr-item-title-divider\"><\/div><\/div><\/div>\n<ul>\n<li>Prof. Dr. Nurullah Alta\u015f (Marmara University)<\/li>\n<li>Prof. Dr. Muhiddin Okumu\u015flar (Necmettin Erbakan University)<\/li>\n<li>Assoc. Dr. H. Yusuf Acuner (Recep Tayyip Erdo\u011fan University)<\/li>\n<li>Assoc. Dr. Ay\u015fe Zi\u015fan Furat (\u0130stanbul University)<\/li>\n<li>Assoc. Dr. Bayramali Naz\u0131ro\u011flu (Recep Tayyip Erdo\u011fan University)<\/li>\n<li>Assoc. Dr. \u0130brahim Turan (Ondokuz May\u0131s University)<\/li>\n<li>Asist. Prof. Dr. S\u00fcmeyra Bilecik (Aksaray University)<\/li>\n<li>Asist. Prof. Dr. \u015eeref G\u00f6k\u00fc\u015f (Akdeniz University)<\/li>\n<li>Asist. Prof. Dr. Adem G\u00fcne\u015f (Recep Tayyip Erdo\u011fan University)<\/li>\n<li>Asist. Prof. Dr. Mehmet Fatih Turanalp\u00a0(Necmettin Erbakan University)<\/li>\n<\/ul>\n<div class=\"gdlr-shortcode-wrapper\"><div class=\"gdlr-item-title-wrapper gdlr-item pos-left \"><div class=\"gdlr-item-title-head\"><h3 class=\"gdlr-item-title gdlr-skin-title gdlr-skin-border gdlr-title-small\">Advisory Board<\/h3><div class=\"clear\"><\/div><\/div><div class=\"gdlr-item-title-divider\"><\/div><\/div><\/div>\n<ul>\n<li>Prof. Dr. S\u00fcleyman Aky\u00fcrek (Erciyes University)<\/li>\n<li>Prof. Dr. Nurullah Alta\u015f (Marmara University)<\/li>\n<li>Prof. Dr. M. Zeki Ayd\u0131n (Marmara University)<\/li>\n<li>Prof. Dr. M. \u015eevki Ayd\u0131n (Erciyes University)<\/li>\n<li>Prof. Dr. \u0130rfan Ba\u015fkurt (\u0130stanbul University)<\/li>\n<li>Prof. Dr. M. Faruk Bayraktar (D\u00fczce University)<\/li>\n<li>Prof. Dr. Ramazan Buyruk\u00e7u (S\u00fcleyman Demirel University)<\/li>\n<li>Prof. Dr. Suat Cebeci (Yalova University)<\/li>\n<li>Prof. Dr. Recai Do\u011fan (Ankara University)<\/li>\n<li>Prof. Dr. Hamit Er (\u0130stanbul University)<\/li>\n<li>Prof. Dr. Halit Ev (Manisa Celal Bayar University)<\/li>\n<li>Prof. Dr. \u015eakir G\u00f6z\u00fctok (Y\u00fcz\u00fcnc\u00fc Y\u0131l University)<\/li>\n<li>Prof. Dr. M. Akif K\u0131lavuz (Uluda\u011f University)<\/li>\n<li>Prof. Dr. Ahmet Ko\u00e7 (Marmara University)<\/li>\n<li>Prof. Dr. Yurdag\u00fcl Mehmedo\u011flu (K\u0131br\u0131s Sosyal Bilimler University)<\/li>\n<li>Prof. Dr. Muhiddin Okumu\u015flar (Necmettin Erbakan University)<\/li>\n<li>Prof. Dr. \u015euayip \u00d6zdemir (Amasya University)<\/li>\n<li>Prof. Dr. Mualla Sel\u00e7uk (Ankara University<\/li>\n<li>Prof. Dr. Mustafa Tavuk\u00e7uo\u011flu (Necmettin Erbakan University)<\/li>\n<li>Prof. Dr. Cemal Tosun (Ankara University)<\/li>\n<li>Prof. Dr. Mustafa Usta (Marmara University)<\/li>\n<li>Prof. Dr. H\u00fcseyin Y\u0131lmaz (Cumhuriyet University)<\/li>\n<li>Prof. Dr. Zeki Salih Zengin (Ankara Y\u0131ld\u0131r\u0131m Beyaz\u0131t University)<\/li>\n<\/ul>\n<div class=\"gdlr-shortcode-wrapper\"><div class=\"gdlr-item-title-wrapper gdlr-item pos-left \"><div class=\"gdlr-item-title-head\"><h3 class=\"gdlr-item-title gdlr-skin-title gdlr-skin-border gdlr-title-small\">Congress Secretariat<\/h3><div class=\"clear\"><\/div><\/div><div class=\"gdlr-item-title-divider\"><\/div><\/div><\/div>\n<ul>\n<li>\u015eeyma Turan (+90 533 400 6998)<\/li>\n<li>Bet\u00fcl \u0130nce (+90 531 624 1191)<\/li>\n<\/ul>\n<div class=\"gdlr-shortcode-wrapper\"><div class=\"gdlr-item-title-wrapper gdlr-item pos-left \"><div class=\"gdlr-item-title-head\"><h3 class=\"gdlr-item-title gdlr-skin-title gdlr-skin-border gdlr-title-small\">Contact<\/h3><div class=\"clear\"><\/div><\/div><div class=\"gdlr-item-title-divider\"><\/div><\/div><\/div>\n<ul>\n<li>Assoc. Dr. H. Yusuf ACUNER ( +90 542 403 2915)<br \/>\nRecep Tayyip Erdo\u011fan University<br \/>\nFaculty of Theology<br \/>\nZihni Derin Campus Rize<br \/>\n<strong>Web:<\/strong> www.dinegitimikongresi.com<br \/>\n<strong>E-mail:<\/strong> info@dinegitimikongresi.com<\/li>\n<\/ul>\n<\/div>\n","protected":false},"excerpt":{"rendered":"<p>Prof. Dr. Nurullah Alta\u015f (Marmara University) Prof. Dr. Muhiddin Okumu\u015flar (Necmettin Erbakan University) Assoc. Dr. H. Yusuf Acuner (Recep Tayyip Erdo\u011fan University) Assoc. Dr. Ay\u015fe Zi\u015fan Furat (\u0130stanbul University) Assoc. Dr. Bayramali Naz\u0131ro\u011flu (Recep Tayyip Erdo\u011fan University) Assoc. Dr. \u0130brahim Turan (Ondokuz May\u0131s University) Asist. Prof. Dr. S\u00fcmeyra Bilecik (Aksaray University) Asist. Prof. Dr. \u015eeref&#8230; <\/p>\n<div class=\"clear\"><\/div>\n<p><a href=\"https:\/\/www.dinegitimikongresi.com\/2018\/en\/congress-boards\/\" class=\"gdlr-info-font excerpt-read-more\">Read More<\/a><\/p>\n","protected":false},"author":1,"featured_media":0,"parent":0,"menu_order":0,"comment_status":"closed","ping_status":"closed","template":"","meta":[],"_links":{"self":[{"href":"https:\/\/www.dinegitimikongresi.com\/2018\/wp-json\/wp\/v2\/pages\/4379"}],"collection":[{"href":"https:\/\/www.dinegitimikongresi.com\/2018\/wp-json\/wp\/v2\/pages"}],"about":[{"href":"https:\/\/www.dinegitimikongresi.com\/2018\/wp-json\/wp\/v2\/types\/page"}],"author":[{"embeddable":true,"href":"https:\/\/www.dinegitimikongresi.com\/2018\/wp-json\/wp\/v2\/users\/1"}],"replies":[{"embeddable":true,"href":"https:\/\/www.dinegitimikongresi.com\/2018\/wp-json\/wp\/v2\/comments?post=4379"}],"version-history":[{"count":10,"href":"https:\/\/www.dinegitimikongresi.com\/2018\/wp-json\/wp\/v2\/pages\/4379\/revisions"}],"predecessor-version":[{"id":4665,"href":"https:\/\/www.dinegitimikongresi.com\/2018\/wp-json\/wp\/v2\/pages\/4379\/revisions\/4665"}],"wp:attachment":[{"href":"https:\/\/www.dinegitimikongresi.com\/2018\/wp-json\/wp\/v2\/media?parent=4379"}],"curies":[{"name":"wp","href":"https:\/\/api.w.org\/{rel}","templated":true}]}}