{"id":4515,"date":"2018-07-22T18:08:27","date_gmt":"2018-07-22T15:08:27","guid":{"rendered":"https:\/\/www.dinegitimikongresi.com\/?page_id=4515"},"modified":"2018-09-10T23:24:59","modified_gmt":"2018-09-10T20:24:59","slug":"ozet-gonderme","status":"publish","type":"page","link":"https:\/\/www.dinegitimikongresi.com\/2018\/tr\/ozet-gonderme\/","title":{"rendered":"\u00d6zet G\u00f6nderme"},"content":{"rendered":"<p><!--\n\n\n[gdlr_title align=\"left\" style=\"divider\" title=\"<strong>\u00d6ZET G\u00d6NDERME<\/strong>\" ][\/gdlr_title]\n\n\n\n[contact-form-7 id=\"4514\" title=\"\u00d6zet G\u00f6nderme\"]\n--><\/p>\n<p align=\"center\"><b>\u00d6zet g\u00f6nderme s\u00fcresi dolmu\u015ftur.<\/b><\/p>\n","protected":false},"excerpt":{"rendered":"<p>\u00d6zet g\u00f6nderme s\u00fcresi dolmu\u015ftur.<\/p>\n","protected":false},"author":1,"featured_media":0,"parent":0,"menu_order":0,"comment_status":"closed","ping_status":"closed","template":"","meta":[],"_links":{"self":[{"href":"https:\/\/www.dinegitimikongresi.com\/2018\/wp-json\/wp\/v2\/pages\/4515"}],"collection":[{"href":"https:\/\/www.dinegitimikongresi.com\/2018\/wp-json\/wp\/v2\/pages"}],"about":[{"href":"https:\/\/www.dinegitimikongresi.com\/2018\/wp-json\/wp\/v2\/types\/page"}],"author":[{"embeddable":true,"href":"https:\/\/www.dinegitimikongresi.com\/2018\/wp-json\/wp\/v2\/users\/1"}],"replies":[{"embeddable":true,"href":"https:\/\/www.dinegitimikongresi.com\/2018\/wp-json\/wp\/v2\/comments?post=4515"}],"version-history":[{"count":3,"href":"https:\/\/www.dinegitimikongresi.com\/2018\/wp-json\/wp\/v2\/pages\/4515\/revisions"}],"predecessor-version":[{"id":4600,"href":"https:\/\/www.dinegitimikongresi.com\/2018\/wp-json\/wp\/v2\/pages\/4515\/revisions\/4600"}],"wp:attachment":[{"href":"https:\/\/www.dinegitimikongresi.com\/2018\/wp-json\/wp\/v2\/media?parent=4515"}],"curies":[{"name":"wp","href":"https:\/\/api.w.org\/{rel}","templated":true}]}}