{"id":4523,"date":"2018-07-23T00:45:42","date_gmt":"2018-07-22T21:45:42","guid":{"rendered":"https:\/\/www.dinegitimikongresi.com\/?page_id=4523"},"modified":"2018-07-23T01:25:27","modified_gmt":"2018-07-22T22:25:27","slug":"yazim-kurallari","status":"publish","type":"page","link":"https:\/\/www.dinegitimikongresi.com\/2018\/tr\/yazim-kurallari\/","title":{"rendered":"Yaz\u0131m Kurallar\u0131"},"content":{"rendered":"<div class=\"gdlr-shortcode-wrapper\"><div class=\"gdlr-item-title-wrapper gdlr-item pos-left \"><div class=\"gdlr-item-title-head\"><h3 class=\"gdlr-item-title gdlr-skin-title gdlr-skin-border gdlr-title-small\"><strong>YAZIM KURALLARI<\/strong><\/h3><div class=\"clear\"><\/div><\/div><div class=\"gdlr-item-title-divider\"><\/div><\/div><\/div>\n<table width=\"612\">\n<tbody>\n<tr>\n<td style=\"text-align: left;\" width=\"123\"><strong>Sayfa Boyutu<\/strong><\/td>\n<td style=\"text-align: left;\" width=\"489\">A4 (29,7 x 21,0 cm)<\/td>\n<\/tr>\n<tr>\n<td style=\"text-align: left;\" width=\"123\"><strong>Kenar Bo\u015fluklar\u0131<\/strong><\/td>\n<td style=\"text-align: left;\" width=\"489\">\u00dcst 3 cm, alt 3 cm, sol 3 cm, sa\u011f 3 cm<\/td>\n<\/tr>\n<tr>\n<td style=\"text-align: left;\" width=\"123\"><strong>Yaz\u0131 Karakteri<\/strong><\/td>\n<td style=\"text-align: left;\" width=\"489\">Times New Roman<\/td>\n<\/tr>\n<tr>\n<td style=\"text-align: left;\" width=\"123\"><strong>Sat\u0131r Aral\u0131\u011f\u0131<\/strong><\/td>\n<td style=\"text-align: left;\" width=\"489\">Ba\u015fl\u0131k ve metin tek sat\u0131r aral\u0131\u011f\u0131 olmal\u0131d\u0131r<\/td>\n<\/tr>\n<tr>\n<td style=\"text-align: left;\" width=\"123\"><strong>Ba\u015fl\u0131k<\/strong><\/td>\n<td style=\"text-align: left;\" width=\"489\">Ortalanm\u0131\u015f, tek sat\u0131r aral\u0131\u011f\u0131nda, 12 punto, koyu ve kelimelerin ilk harfi b\u00fcy\u00fck yaz\u0131lmal\u0131d\u0131r (Ancak taksonomik kategoriler italik yaz\u0131lmal\u0131d\u0131r. T\u00fcr ve t\u00fcr alt\u0131 isimleri k\u00fc\u00e7\u00fck harfle ba\u015flamal\u0131d\u0131r). K\u0131saltma kullan\u0131lmamal\u0131d\u0131r. Ba\u015fl\u0131k en fazla 2 sat\u0131r olmal\u0131d\u0131r.<\/td>\n<\/tr>\n<tr>\n<td style=\"text-align: left;\" width=\"123\"><strong>Yazar(lar)<\/strong><\/td>\n<td style=\"text-align: left;\" width=\"489\">Ortalanm\u0131\u015f, tek sat\u0131r aral\u0131\u011f\u0131nda, 10 punto, yazar ad(lar)\u0131 ve soyad(lar)\u0131 k\u0131saltmas\u0131z olarak yaz\u0131lmal\u0131d\u0131r. Sunumu yapacak yazar\u0131n ad-soyad\u0131n\u0131n ise alt\u0131 \u00e7izilmi\u015f olmal\u0131d\u0131r. Yazar isimlerinde akademik \u00fcnvan belirtilmelidir.<\/td>\n<\/tr>\n<tr>\n<td style=\"text-align: left;\" width=\"123\"><strong>Adres(ler)<\/strong><\/td>\n<td style=\"text-align: left;\" width=\"489\">Ortalanm\u0131\u015f, tek sat\u0131r aral\u0131\u011f\u0131nda, 10 punto, farkl\u0131 adresler \u00fcst simgeler (1, 2, \u2026) ile a\u00e7\u0131k\u00e7a belirtilmelidir. \u0130l isimleri b\u00fcy\u00fck harfle yaz\u0131lmal\u0131d\u0131r. Adreslerin sonunda \u2018T\u00fcrkiye\u2019 ilave edilmesine gerek yoktur. e-mail adresi belirtilmelidir.<\/td>\n<\/tr>\n<tr>\n<td style=\"text-align: left;\" width=\"123\"><strong>Ba\u015fl\u0131klar<\/strong><\/td>\n<td style=\"text-align: left;\" width=\"489\">Ba\u015fl\u0131klar\u00a0<strong>\u2018Ama\u00e7\u2019<\/strong>,\u00a0<strong>\u2018Materyal ve\/veya Y\u00f6ntemler\u2019<\/strong>,\u00a0<strong>\u2018Bulgular\u2019<\/strong>,\u00a0<strong>\u2018Sonu\u00e7 ve Tart\u0131\u015fma\u2019<\/strong>\u00a0ile\u00a0<strong>\u2018Anahtar Kelimeler\u2019<\/strong>\u00a0olmak \u00fczere 5 b\u00f6l\u00fcmden olu\u015fmal\u0131d\u0131r. Alt ba\u015fl\u0131klar i\u00e7ermemelidir. En fazla 5 anahtar kelime olmal\u0131d\u0131r. \u2018Te\u015fekk\u00fcrler\u2019 b\u00f6l\u00fcm\u00fc iste\u011fe ba\u011fl\u0131 ve 3 sat\u0131r\u0131 ge\u00e7memelidir. \u2018Kaynaklar\u2019 ba\u015fl\u0131\u011f\u0131 yer almamal\u0131d\u0131r. Ba\u015fl\u0131klar 10 punto ve koyu yaz\u0131lmal\u0131d\u0131r.<\/td>\n<\/tr>\n<tr>\n<td style=\"text-align: left;\" width=\"123\"><strong>Ana Metin<\/strong><\/td>\n<td style=\"text-align: left;\" width=\"489\">\u0130ki yana dayal\u0131, tek sat\u0131r aral\u0131\u011f\u0131nda, 10 punto olarak yaz\u0131lmal\u0131d\u0131r. Metinde tablo ve \u015fekil olmamal\u0131d\u0131r. \u2018Materyal ve Y\u00f6ntemler\u2019, b\u00f6l\u00fcm\u00fc \u2018Bulgular\u2019 b\u00f6l\u00fcm\u00fcnden daha uzun olmamal\u0131d\u0131r<\/td>\n<\/tr>\n<tr>\n<td style=\"text-align: left;\" width=\"123\"><strong>Metin Uzunlu\u011fu<\/strong><\/td>\n<td style=\"text-align: left;\" width=\"489\">Metinin tamam\u0131nda kelime say\u0131s\u0131 500\u2019\u00fc ge\u00e7memelidir.<\/td>\n<\/tr>\n<tr>\n<td style=\"text-align: left;\" width=\"123\"><strong>\u00d6zet G\u00f6nderme<\/strong><\/td>\n<td style=\"text-align: left;\" width=\"489\">\u00d6zetler <strong>https:\/\/www.dinegitimikongresi.com<\/strong> sitesi \u00fczerinden g\u00f6nderilmelidir.<\/td>\n<\/tr>\n<tr>\n<td style=\"text-align: left;\" width=\"123\"><strong>Dosya S\u00fcr\u00fcm\u00fc<\/strong><\/td>\n<td style=\"text-align: left;\" width=\"489\">\u2018Microsoft Word\u2019 dosya (.doc-docx) s\u00fcr\u00fcm\u00fcnde<\/td>\n<\/tr>\n<tr>\n<td style=\"text-align: left;\" width=\"123\"><strong>Dosya Ad\u0131<\/strong><\/td>\n<td style=\"text-align: left;\" width=\"489\">ad_soyad.doc \u00f6rnek: yusuf_acuner.doc<\/td>\n<\/tr>\n<\/tbody>\n<\/table>\n","protected":false},"excerpt":{"rendered":"<p>Sayfa Boyutu A4 (29,7 x 21,0 cm) Kenar Bo\u015fluklar\u0131 \u00dcst 3 cm, alt 3 cm, sol 3 cm, sa\u011f 3 cm Yaz\u0131 Karakteri Times New Roman Sat\u0131r Aral\u0131\u011f\u0131 Ba\u015fl\u0131k ve metin tek sat\u0131r aral\u0131\u011f\u0131 olmal\u0131d\u0131r Ba\u015fl\u0131k Ortalanm\u0131\u015f, tek sat\u0131r aral\u0131\u011f\u0131nda, 12 punto, koyu ve kelimelerin ilk harfi b\u00fcy\u00fck yaz\u0131lmal\u0131d\u0131r (Ancak taksonomik kategoriler italik yaz\u0131lmal\u0131d\u0131r. T\u00fcr&#8230; <\/p>\n<div class=\"clear\"><\/div>\n<p><a href=\"https:\/\/www.dinegitimikongresi.com\/2018\/tr\/yazim-kurallari\/\" class=\"gdlr-info-font excerpt-read-more\">Read More<\/a><\/p>\n","protected":false},"author":1,"featured_media":0,"parent":0,"menu_order":0,"comment_status":"closed","ping_status":"closed","template":"","meta":[],"_links":{"self":[{"href":"https:\/\/www.dinegitimikongresi.com\/2018\/wp-json\/wp\/v2\/pages\/4523"}],"collection":[{"href":"https:\/\/www.dinegitimikongresi.com\/2018\/wp-json\/wp\/v2\/pages"}],"about":[{"href":"https:\/\/www.dinegitimikongresi.com\/2018\/wp-json\/wp\/v2\/types\/page"}],"author":[{"embeddable":true,"href":"https:\/\/www.dinegitimikongresi.com\/2018\/wp-json\/wp\/v2\/users\/1"}],"replies":[{"embeddable":true,"href":"https:\/\/www.dinegitimikongresi.com\/2018\/wp-json\/wp\/v2\/comments?post=4523"}],"version-history":[{"count":3,"href":"https:\/\/www.dinegitimikongresi.com\/2018\/wp-json\/wp\/v2\/pages\/4523\/revisions"}],"predecessor-version":[{"id":4551,"href":"https:\/\/www.dinegitimikongresi.com\/2018\/wp-json\/wp\/v2\/pages\/4523\/revisions\/4551"}],"wp:attachment":[{"href":"https:\/\/www.dinegitimikongresi.com\/2018\/wp-json\/wp\/v2\/media?parent=4523"}],"curies":[{"name":"wp","href":"https:\/\/api.w.org\/{rel}","templated":true}]}}