{"id":3817,"date":"2018-06-03T13:18:50","date_gmt":"2018-06-03T10:18:50","guid":{"rendered":"https:\/\/www.dinegitimikongresi.com\/?page_id=3817"},"modified":"2025-07-09T17:41:03","modified_gmt":"2025-07-09T14:41:03","slug":"hakkimizda","status":"publish","type":"page","link":"https:\/\/www.dinegitimikongresi.com\/2022\/tr\/hakkimizda\/","title":{"rendered":"Kongre Hakk\u0131nda"},"content":{"rendered":"\r\n<p><div class=\"gdlr-shortcode-wrapper\"><div class=\"gdlr-item-title-wrapper gdlr-item pos-left \"><div class=\"gdlr-item-title-head\"><h3 class=\"gdlr-item-title gdlr-skin-title gdlr-skin-border gdlr-title-small\"><strong>KONGRE HAKKINDA<\/strong><\/h3><div class=\"clear\"><\/div><\/div><div class=\"gdlr-item-title-divider\"><\/div><\/div><\/div><\/p>\r\n<p>\u00dclkemizde din e\u011fitimi alan\u0131nda faaliyette bulunan akademisyenleri bir araya getirebilmek amac\u0131yla 1997 y\u0131l\u0131ndan itibaren organize edilen koordinasyon toplant\u0131lar\u0131n\u0131n 2015 y\u0131l\u0131nda Dicle \u00dcniversitesi \u0130lahiyat Fak\u00fcltesi Din E\u011fitimi Anabilim Dal\u0131 taraf\u0131ndan d\u00fczenlenen toplant\u0131s\u0131nda, koordinasyon toplant\u0131lar\u0131ndan akademik anlamda en \u00fcst d\u00fczeyde verim al\u0131nabilmesi i\u00e7in bir kongrenin tertip edilmesi g\u00f6r\u00fc\u015f\u00fc ortaya \u00e7\u0131km\u0131\u015ft\u0131r.<\/p>\r\n<p>\r\n\r\n<\/p>\r\n<p>\u0130lki 2017 y\u0131l\u0131nda \u0130stanbul \u00dcniversitesi \u00f6nc\u00fcl\u00fc\u011f\u00fcnde Dar\u0131ca&#8217;da, ikincisi 2018 y\u0131l\u0131nda Recep Tayyip Erdo\u011fan \u00dcniversitesi \u00f6nc\u00fcl\u00fc\u011f\u00fcnde Antalya&#8217;da ger\u00e7ekle\u015ftirilen Din E\u011fitimi Kongresi, \u00fclkemizde Din E\u011fitimi anabilim dal\u0131nda farkl\u0131 konularda \u00e7al\u0131\u015fmalar\u0131n\u0131 s\u00fcrd\u00fcren ara\u015ft\u0131rmac\u0131lar aras\u0131nda bir ileti\u015fim platformu olu\u015fturma ve lisans\u00fcst\u00fc \u00e7al\u0131\u015fma yapan ara\u015ft\u0131rmac\u0131lar\u0131 konunun uzmanlar\u0131yla bulu\u015fturma noktas\u0131nda \u00f6nemli bir fonksiyon icra etmi\u015ftir.<\/p>\r\n<p>\r\n\r\n<\/p>\r\n<p>K\u00fcresel salg\u0131n\u0131n da araya girmesiyle uzunca bir s\u00fcredir bir araya gelemeyen Din E\u011fitimi Anabilim dallar\u0131ndaki akademisyenlerin ve alanda lisans\u00fcst\u00fc \u00e7al\u0131\u015fma yapan ara\u015ft\u0131rmac\u0131lar\u0131n en \u00fcst d\u00fczeyde kat\u0131l\u0131m sa\u011flamas\u0131 kongrenin temel amac\u0131n\u0131n ger\u00e7ekle\u015fmesine hizmet edecektir.<\/p>\r\n<p>\r\n\r\n<\/p>\r\n<p>Bu \u00e7er\u00e7evede 3. Uluslararas\u0131 Din E\u011fitimi Kongresi; Necmettin Erbakan \u00dcniversitesi Ahmet Kele\u015fo\u011flu \u0130lahiyat Fak\u00fcltesi Din E\u011fitimi Anabilim Dal\u0131 taraf\u0131ndan, Y\u00fcksek Din E\u011fitimi Programlar\u0131 Kalite De\u011ferlendirme ve Akreditasyon Derne\u011fi (DEKAD), T\u00fcrkiye \u0130mam-Hatipliler Vakf\u0131 (T\u0130MAV) ve Milli E\u011fitim Bakanl\u0131\u011f\u0131 Din \u00d6\u011fretimi Genel M\u00fcd\u00fcrl\u00fc\u011f\u00fc i\u015fbirli\u011fiyle 13-15 May\u0131s 2022 tarihleri aras\u0131nda Konya&#8217;da ger\u00e7ekle\u015ftirilecektir. Din E\u011fitimi Anabilim Dal\u0131 Koordinasyon Toplant\u0131s\u0131 da ayn\u0131 tarihte yap\u0131lacakt\u0131r.<\/p>\r\n<p>\r\n\r\n<\/p>\r\n<p>Din e\u011fitimi alan\u0131nda \u00e7al\u0131\u015fan lisans\u00fcst\u00fc \u00f6\u011frencilerin tezlerini tan\u0131tan bir bildiri ile kongreye kat\u0131lmas\u0131 m\u00fcmk\u00fcnd\u00fcr.<\/p>\r\n<p>\r\n\r\n<\/p>\r\n<p>Kongre ve koordinasyon toplant\u0131s\u0131na ili\u015fkin ayr\u0131nt\u0131l\u0131 bilgiler <a href=\"http:\/\/www.dinegitimikongresi.com\/\">www.dinegitimikongresi.com<\/a> adresinde yer almaktad\u0131r.<\/p>\r\n<p><\/p>","protected":false},"excerpt":{"rendered":"<p>\u00dclkemizde din e\u011fitimi alan\u0131nda faaliyette bulunan akademisyenleri bir araya getirebilmek amac\u0131yla 1997 y\u0131l\u0131ndan itibaren organize edilen koordinasyon toplant\u0131lar\u0131n\u0131n 2015 y\u0131l\u0131nda Dicle \u00dcniversitesi \u0130lahiyat Fak\u00fcltesi Din E\u011fitimi Anabilim Dal\u0131 taraf\u0131ndan d\u00fczenlenen toplant\u0131s\u0131nda, koordinasyon toplant\u0131lar\u0131ndan akademik anlamda en \u00fcst d\u00fczeyde verim al\u0131nabilmesi i\u00e7in bir kongrenin tertip edilmesi g\u00f6r\u00fc\u015f\u00fc ortaya \u00e7\u0131km\u0131\u015ft\u0131r. \u0130lki 2017 y\u0131l\u0131nda \u0130stanbul \u00dcniversitesi \u00f6nc\u00fcl\u00fc\u011f\u00fcnde Dar\u0131ca&#8217;da,&#8230; <\/p>\n<div class=\"clear\"><\/div>\n<p><a href=\"https:\/\/www.dinegitimikongresi.com\/2022\/tr\/hakkimizda\/\" class=\"gdlr-info-font excerpt-read-more\">Read More<\/a><\/p>\n","protected":false},"author":1,"featured_media":0,"parent":0,"menu_order":0,"comment_status":"closed","ping_status":"closed","template":"","meta":[],"_links":{"self":[{"href":"https:\/\/www.dinegitimikongresi.com\/2022\/wp-json\/wp\/v2\/pages\/3817"}],"collection":[{"href":"https:\/\/www.dinegitimikongresi.com\/2022\/wp-json\/wp\/v2\/pages"}],"about":[{"href":"https:\/\/www.dinegitimikongresi.com\/2022\/wp-json\/wp\/v2\/types\/page"}],"author":[{"embeddable":true,"href":"https:\/\/www.dinegitimikongresi.com\/2022\/wp-json\/wp\/v2\/users\/1"}],"replies":[{"embeddable":true,"href":"https:\/\/www.dinegitimikongresi.com\/2022\/wp-json\/wp\/v2\/comments?post=3817"}],"version-history":[{"count":10,"href":"https:\/\/www.dinegitimikongresi.com\/2022\/wp-json\/wp\/v2\/pages\/3817\/revisions"}],"predecessor-version":[{"id":5301,"href":"https:\/\/www.dinegitimikongresi.com\/2022\/wp-json\/wp\/v2\/pages\/3817\/revisions\/5301"}],"wp:attachment":[{"href":"https:\/\/www.dinegitimikongresi.com\/2022\/wp-json\/wp\/v2\/media?parent=3817"}],"curies":[{"name":"wp","href":"https:\/\/api.w.org\/{rel}","templated":true}]}}