{"id":3825,"date":"2018-06-03T13:36:12","date_gmt":"2018-06-03T10:36:12","guid":{"rendered":"https:\/\/www.dinegitimikongresi.com\/?page_id=3825"},"modified":"2025-07-09T17:46:02","modified_gmt":"2025-07-09T14:46:02","slug":"kongre-kayit","status":"publish","type":"page","link":"https:\/\/www.dinegitimikongresi.com\/2022\/tr\/kongre-kayit\/","title":{"rendered":"Kongre Kay\u0131t"},"content":{"rendered":"<div class=\"gdlr-shortcode-wrapper\"><div class=\"gdlr-item-title-wrapper gdlr-item pos-left \"><div class=\"gdlr-item-title-head\"><h3 class=\"gdlr-item-title gdlr-skin-title gdlr-skin-border gdlr-title-small\"><strong>KONGRE KAYIT<\/strong><\/h3><div class=\"clear\"><\/div><\/div><div class=\"gdlr-item-title-divider\"><\/div><\/div><\/div>\n<p style=\"text-align: center;\"><strong>Kongre kay\u0131t s\u00fcresi dolmu\u015ftur.<\/strong><\/p>\n","protected":false},"excerpt":{"rendered":"<p>Kongre kay\u0131t s\u00fcresi dolmu\u015ftur.<\/p>\n","protected":false},"author":1,"featured_media":0,"parent":0,"menu_order":0,"comment_status":"closed","ping_status":"closed","template":"","meta":[],"_links":{"self":[{"href":"https:\/\/www.dinegitimikongresi.com\/2022\/wp-json\/wp\/v2\/pages\/3825"}],"collection":[{"href":"https:\/\/www.dinegitimikongresi.com\/2022\/wp-json\/wp\/v2\/pages"}],"about":[{"href":"https:\/\/www.dinegitimikongresi.com\/2022\/wp-json\/wp\/v2\/types\/page"}],"author":[{"embeddable":true,"href":"https:\/\/www.dinegitimikongresi.com\/2022\/wp-json\/wp\/v2\/users\/1"}],"replies":[{"embeddable":true,"href":"https:\/\/www.dinegitimikongresi.com\/2022\/wp-json\/wp\/v2\/comments?post=3825"}],"version-history":[{"count":10,"href":"https:\/\/www.dinegitimikongresi.com\/2022\/wp-json\/wp\/v2\/pages\/3825\/revisions"}],"predecessor-version":[{"id":5303,"href":"https:\/\/www.dinegitimikongresi.com\/2022\/wp-json\/wp\/v2\/pages\/3825\/revisions\/5303"}],"wp:attachment":[{"href":"https:\/\/www.dinegitimikongresi.com\/2022\/wp-json\/wp\/v2\/media?parent=3825"}],"curies":[{"name":"wp","href":"https:\/\/api.w.org\/{rel}","templated":true}]}}