{"id":3827,"date":"2018-06-03T13:36:25","date_gmt":"2018-06-03T10:36:25","guid":{"rendered":"https:\/\/www.dinegitimikongresi.com\/?page_id=3827"},"modified":"2025-07-09T18:04:32","modified_gmt":"2025-07-09T15:04:32","slug":"tarihler","status":"publish","type":"page","link":"https:\/\/www.dinegitimikongresi.com\/2022\/tr\/tarihler\/","title":{"rendered":"Tarihler"},"content":{"rendered":"<div class=\"gdlr-shortcode-wrapper\"><div class=\"gdlr-item-title-wrapper gdlr-item pos-left \"><div class=\"gdlr-item-title-head\"><h3 class=\"gdlr-item-title gdlr-skin-title gdlr-skin-border gdlr-title-small\"><strong>TAR\u0130HLER<\/strong><\/h3><div class=\"clear\"><\/div><\/div><div class=\"gdlr-item-title-divider\"><\/div><\/div><\/div>\n<table>\n<tbody>\n<tr>\n<td style=\"text-align: left;\" width=\"315\"><strong>Bildiri \u00d6zeti G\u00f6nderme ve Kay\u0131t Ba\u015flang\u0131\u00e7<\/strong><\/td>\n<td style=\"text-align: left;\" width=\"316\">15 Mart 2022<\/td>\n<\/tr>\n<tr>\n<td style=\"text-align: left;\" width=\"315\"><strong>Bildiri \u00d6zeti G\u00f6nderme ve Kay\u0131t Biti\u015f<\/strong><\/td>\n<td style=\"text-align: left;\" width=\"316\">29 Nisan 2022<\/td>\n<\/tr>\n<tr>\n<td style=\"text-align: left;\" width=\"315\"><strong>Kabul Edilen Bildirilerin \u0130lan\u0131<\/strong><\/td>\n<td style=\"text-align: left;\" width=\"316\">1 May\u0131s 2022<\/td>\n<\/tr>\n<tr>\n<td style=\"text-align: left;\" width=\"315\"><strong>Kongre Program\u0131n\u0131n \u0130lan\u0131<\/strong><\/td>\n<td style=\"text-align: left;\" width=\"316\">3 May\u0131s 2022<\/td>\n<\/tr>\n<tr>\n<td style=\"text-align: left;\" width=\"315\"><strong>Kongre Ba\u015flang\u0131\u00e7 Tarihi<\/strong><\/td>\n<td style=\"text-align: left;\" width=\"316\">13 May\u0131s 2022<\/td>\n<\/tr>\n<tr>\n<td style=\"text-align: left;\" width=\"315\"><strong>Kongre Biti\u015f Tarihi<\/strong><\/td>\n<td style=\"text-align: left;\" width=\"316\">15 May\u0131s 2022<\/td>\n<\/tr>\n<\/tbody>\n<\/table>\n","protected":false},"excerpt":{"rendered":"<p>Bildiri \u00d6zeti G\u00f6nderme ve Kay\u0131t Ba\u015flang\u0131\u00e7 15 Mart 2022 Bildiri \u00d6zeti G\u00f6nderme ve Kay\u0131t Biti\u015f 29 Nisan 2022 Kabul Edilen Bildirilerin \u0130lan\u0131 1 May\u0131s 2022 Kongre Program\u0131n\u0131n \u0130lan\u0131 3 May\u0131s 2022 Kongre Ba\u015flang\u0131\u00e7 Tarihi 13 May\u0131s 2022 Kongre Biti\u015f Tarihi 15 May\u0131s 2022<\/p>\n","protected":false},"author":1,"featured_media":0,"parent":0,"menu_order":0,"comment_status":"closed","ping_status":"closed","template":"","meta":[],"_links":{"self":[{"href":"https:\/\/www.dinegitimikongresi.com\/2022\/wp-json\/wp\/v2\/pages\/3827"}],"collection":[{"href":"https:\/\/www.dinegitimikongresi.com\/2022\/wp-json\/wp\/v2\/pages"}],"about":[{"href":"https:\/\/www.dinegitimikongresi.com\/2022\/wp-json\/wp\/v2\/types\/page"}],"author":[{"embeddable":true,"href":"https:\/\/www.dinegitimikongresi.com\/2022\/wp-json\/wp\/v2\/users\/1"}],"replies":[{"embeddable":true,"href":"https:\/\/www.dinegitimikongresi.com\/2022\/wp-json\/wp\/v2\/comments?post=3827"}],"version-history":[{"count":10,"href":"https:\/\/www.dinegitimikongresi.com\/2022\/wp-json\/wp\/v2\/pages\/3827\/revisions"}],"predecessor-version":[{"id":5312,"href":"https:\/\/www.dinegitimikongresi.com\/2022\/wp-json\/wp\/v2\/pages\/3827\/revisions\/5312"}],"wp:attachment":[{"href":"https:\/\/www.dinegitimikongresi.com\/2022\/wp-json\/wp\/v2\/media?parent=3827"}],"curies":[{"name":"wp","href":"https:\/\/api.w.org\/{rel}","templated":true}]}}