{"id":3829,"date":"2018-06-03T13:37:59","date_gmt":"2018-06-03T10:37:59","guid":{"rendered":"https:\/\/www.dinegitimikongresi.com\/?page_id=3829"},"modified":"2025-07-09T17:47:22","modified_gmt":"2025-07-09T14:47:22","slug":"kongre-yeri","status":"publish","type":"page","link":"https:\/\/www.dinegitimikongresi.com\/2022\/tr\/kongre-yeri\/","title":{"rendered":"Kongre Yeri"},"content":{"rendered":"<div class=\"gdlr-shortcode-wrapper\"><div class=\"gdlr-item-title-wrapper gdlr-item pos-left \"><div class=\"gdlr-item-title-head\"><h3 class=\"gdlr-item-title gdlr-skin-title gdlr-skin-border gdlr-title-small\"><strong>KONAKLAMA - TRANSFER<\/strong><\/h3><div class=\"clear\"><\/div><\/div><div class=\"gdlr-item-title-divider\"><\/div><\/div><\/div>\n<h2>De\u011ferli kat\u0131l\u0131mc\u0131lar,<\/h2>\n<p>3&#8217;\u00fcnc\u00fcs\u00fc d\u00fczenlenecek olan Uluslararas\u0131 Din E\u011fitimi Kongresi, Necmettin Erbakan \u00dcniversitesi Ahmet Kele\u015fo\u011flu \u0130lahiyat Fak\u00fcltesi Kongre Merkezi&#8217;nde yap\u0131lacakt\u0131r.<\/p>\n<p>Din E\u011fitimi Kongresi kapsam\u0131nda Necmettin Erbakan \u00dcniversitesi ve \u0130bis Otel &amp; Novotel i\u015fbirli\u011fi ile kat\u0131l\u0131mc\u0131lar\u0131m\u0131za uygun konaklama paketleri sunulmu\u015ftur. Mevcut paket bilgisi a\u015fa\u011f\u0131da yer almaktad\u0131r.<\/p>\n<p><strong>\u0130bis Otel:<\/strong><br \/>\nTek Ki\u015filik Oda: <strong>315 TL<br \/>\n<\/strong>\u00c7ift Ki\u015filik Oda: <strong>400 TL<br \/>\n<\/strong><strong>\u0130bis Otel \u0130leti\u015fim:<\/strong> +90 332 223 03 00<\/p>\n<p><strong>Novotel:<\/strong><br \/>\nTek Ki\u015filik Oda: <strong>445 TL<br \/>\n<\/strong>\u00c7ift Ki\u015filik Oda: <strong>565 TL<br \/>\n<\/strong><strong>Novotel \u0130leti\u015fim:<\/strong> +90 332 223 42 00<\/p>\n<p>(Otel fiyatlar\u0131na A\u00e7\u0131k B\u00fcfe Kahvalt\u0131 ve KDV d\u00e2hildir.)<\/p>\n<p>Kongre kat\u0131l\u0131mc\u0131s\u0131 oldu\u011funuzu belirtti\u011finiz takdirde yukar\u0131daki paketlerden yararlanabilirsiniz.<\/p>\n<p>\u0130bis Otel &amp; Novotel ile Kongre Merkezi aras\u0131ndaki transfer Necmettin Erbakan \u00dcniversitesi taraf\u0131ndan belirli saat aral\u0131klar\u0131nda ger\u00e7ekle\u015ftirilecektir.<\/p>\n<p>\u0130bis Otel &amp; Novotel&#8217;i tercih etti\u011finiz takdirde 12 May\u0131s 2022 tarihinde otele giri\u015f yapabilirsiniz.<\/p>\n<p><strong>Rezervasyon konusunda \u0130bis Otel ile \u00f6nceden irtibat kurman\u0131z \u00f6nerilmektedir.<\/strong><\/p>\n<p><strong>Not: \u0130bis Otel&#8217;deki doluluk durumuna g\u00f6re kat\u0131l\u0131mc\u0131lar\u0131m\u0131z ayn\u0131 yerle\u015fke i\u00e7erisindeki Novotel&#8217;e y\u00f6nlendirilmektedir.<\/strong><\/p>\n<p>Kat\u0131l\u0131mc\u0131lar dilerlerse \u0130bis Otel &amp; Novotel&#8217;den farkl\u0131 bir mek\u00e2n tercihinde bulunabilirler.<\/p>\n<p><strong>Meram \u00d6\u011fretmenevi:<\/strong><br \/>\nTek Ki\u015filik Oda: <strong>210 TL<\/strong><br \/>\n\u00c7ift Ki\u015filik Oda: <strong>270 TL<br \/>\n<\/strong><strong>Meram \u00d6\u011fretmenevi \u0130leti\u015fim:<\/strong> +90 538 523 65 66 (Sever KORKMAZ)<\/p>\n<div class=\"gdlr-shortcode-wrapper\"><div class=\"gdlr-item-title-wrapper gdlr-item pos-left \"><div class=\"gdlr-item-title-head\"><h3 class=\"gdlr-item-title gdlr-skin-title gdlr-skin-border gdlr-title-small\"><strong>KONGRE YER\u0130<\/strong><\/h3><div class=\"clear\"><\/div><\/div><div class=\"gdlr-item-title-divider\"><\/div><\/div><\/div>\n<p>Ahmet Kele\u015fo\u011flu \u0130lahiyat Fak\u00fcltesi Kongre Merkezi<br \/>\nNecip Faz\u0131l Mh. 42090 Meram\/KONYA<br \/>\n<strong>Tel:<\/strong> +90 332 323 82 50<br \/>\n<strong>Fax:<\/strong> +90 332 323 82 54<br \/>\n<strong>Web: <\/strong><a href=\"http:\/\/www.erbakan.edu.tr\/ilahiyat\">www.erbakan.edu.tr\/ilahiyat<\/a><br \/>\n<strong>E-mail:<\/strong> <a href=\"http:\/\/info@dinegitimikongresi.com\">info@dinegitimikongresi.com<\/a><\/p>\n<p><iframe style=\"border: 0;\" src=\"https:\/\/www.google.com\/maps\/embed?pb=!1m14!1m8!1m3!1d12599.37626089949!2d32.4496688!3d37.8639389!3m2!1i1024!2i768!4f13.1!3m3!1m2!1s0x0%3A0xc595afc24ccec0bf!2sAhmet%20kele%C5%9Fo%C4%9Flu%20ilahiyat%20fak%C3%BCltesi!5e0!3m2!1str!2str!4v1647311650536!5m2!1str!2str\" frameborder=\"0\" allowfullscreen=\"allowfullscreen\"><\/iframe><\/p>\n","protected":false},"excerpt":{"rendered":"<p>De\u011ferli kat\u0131l\u0131mc\u0131lar, 3&#8217;\u00fcnc\u00fcs\u00fc d\u00fczenlenecek olan Uluslararas\u0131 Din E\u011fitimi Kongresi, Necmettin Erbakan \u00dcniversitesi Ahmet Kele\u015fo\u011flu \u0130lahiyat Fak\u00fcltesi Kongre Merkezi&#8217;nde yap\u0131lacakt\u0131r. Din E\u011fitimi Kongresi kapsam\u0131nda Necmettin Erbakan \u00dcniversitesi ve \u0130bis Otel &amp; Novotel i\u015fbirli\u011fi ile kat\u0131l\u0131mc\u0131lar\u0131m\u0131za uygun konaklama paketleri sunulmu\u015ftur. Mevcut paket bilgisi a\u015fa\u011f\u0131da yer almaktad\u0131r. \u0130bis Otel: Tek Ki\u015filik Oda: 315 TL \u00c7ift Ki\u015filik Oda: 400&#8230; <\/p>\n<div class=\"clear\"><\/div>\n<p><a href=\"https:\/\/www.dinegitimikongresi.com\/2022\/tr\/kongre-yeri\/\" class=\"gdlr-info-font excerpt-read-more\">Read More<\/a><\/p>\n","protected":false},"author":1,"featured_media":0,"parent":0,"menu_order":0,"comment_status":"closed","ping_status":"closed","template":"","meta":[],"_links":{"self":[{"href":"https:\/\/www.dinegitimikongresi.com\/2022\/wp-json\/wp\/v2\/pages\/3829"}],"collection":[{"href":"https:\/\/www.dinegitimikongresi.com\/2022\/wp-json\/wp\/v2\/pages"}],"about":[{"href":"https:\/\/www.dinegitimikongresi.com\/2022\/wp-json\/wp\/v2\/types\/page"}],"author":[{"embeddable":true,"href":"https:\/\/www.dinegitimikongresi.com\/2022\/wp-json\/wp\/v2\/users\/1"}],"replies":[{"embeddable":true,"href":"https:\/\/www.dinegitimikongresi.com\/2022\/wp-json\/wp\/v2\/comments?post=3829"}],"version-history":[{"count":10,"href":"https:\/\/www.dinegitimikongresi.com\/2022\/wp-json\/wp\/v2\/pages\/3829\/revisions"}],"predecessor-version":[{"id":5305,"href":"https:\/\/www.dinegitimikongresi.com\/2022\/wp-json\/wp\/v2\/pages\/3829\/revisions\/5305"}],"wp:attachment":[{"href":"https:\/\/www.dinegitimikongresi.com\/2022\/wp-json\/wp\/v2\/media?parent=3829"}],"curies":[{"name":"wp","href":"https:\/\/api.w.org\/{rel}","templated":true}]}}