{"id":3831,"date":"2018-06-03T13:38:15","date_gmt":"2018-06-03T10:38:15","guid":{"rendered":"https:\/\/www.dinegitimikongresi.com\/?page_id=3831"},"modified":"2025-07-09T17:46:44","modified_gmt":"2025-07-09T14:46:44","slug":"kongre-programi","status":"publish","type":"page","link":"https:\/\/www.dinegitimikongresi.com\/2022\/tr\/kongre-programi\/","title":{"rendered":"Kongre Program\u0131"},"content":{"rendered":"<p><strong>13 May\u0131s 2022 Cuma<\/strong><br \/>\n<strong>09.30:<\/strong> Kay\u0131t<br \/>\n<strong>10.00:<\/strong> A\u00e7\u0131l\u0131\u015f Konu\u015fmalar\u0131<br \/>\n<strong>10.30:<\/strong> A\u00e7\u0131l\u0131\u015f Konferans\u0131: <em>Din E\u011fitimi Biliminin Temellendirilmesi Problemleri \u00dczerine \/ Prof. Dr. Cemal Tosun<\/em><br \/>\n<strong>12.00 &#8211; 14.30:<\/strong> Ara<br \/>\n<strong>14.30:<\/strong> Paralel Oturumlar<\/p>\n<p><strong>14 May\u0131s 2022 Cumartesi<\/strong><br \/>\n<strong>09.30:<\/strong> Paralel Oturumlar<br \/>\n<strong>12.00 &#8211; 13.30:<\/strong> Ara<br \/>\n<strong>13.30:<\/strong> Bilimsel Yay\u0131nc\u0131l\u0131k E\u011fitimi<br \/>\n<strong>17.00:<\/strong> Anabilim Dal\u0131 Koordinasyon Toplant\u0131s\u0131<\/p>\n<p><strong>15 May\u0131s 2022 Pazar<\/strong><br \/>\n<strong>09.30:<\/strong> De\u011ferlendirme Oturumu ve Kapan\u0131\u015f<\/p>\n<p><strong>Not:<\/strong> Kongre program kitap\u00e7\u0131\u011f\u0131 i\u00e7in <a href=\"https:\/\/www.dinegitimikongresi.com\/wp-content\/uploads\/2022\/05\/kongre_programi.pdf\"><strong>t\u0131klay\u0131n\u0131z<\/strong><\/a>.<\/p>\n","protected":false},"excerpt":{"rendered":"<p>13 May\u0131s 2022 Cuma 09.30: Kay\u0131t 10.00: A\u00e7\u0131l\u0131\u015f Konu\u015fmalar\u0131 10.30: A\u00e7\u0131l\u0131\u015f Konferans\u0131: Din E\u011fitimi Biliminin Temellendirilmesi Problemleri \u00dczerine \/ Prof. Dr. Cemal Tosun 12.00 &#8211; 14.30: Ara 14.30: Paralel Oturumlar 14 May\u0131s 2022 Cumartesi 09.30: Paralel Oturumlar 12.00 &#8211; 13.30: Ara 13.30: Bilimsel Yay\u0131nc\u0131l\u0131k E\u011fitimi 17.00: Anabilim Dal\u0131 Koordinasyon Toplant\u0131s\u0131 15 May\u0131s 2022 Pazar 09.30:&#8230; <\/p>\n<div class=\"clear\"><\/div>\n<p><a href=\"https:\/\/www.dinegitimikongresi.com\/2022\/tr\/kongre-programi\/\" class=\"gdlr-info-font excerpt-read-more\">Read More<\/a><\/p>\n","protected":false},"author":1,"featured_media":0,"parent":0,"menu_order":0,"comment_status":"closed","ping_status":"closed","template":"","meta":[],"_links":{"self":[{"href":"https:\/\/www.dinegitimikongresi.com\/2022\/wp-json\/wp\/v2\/pages\/3831"}],"collection":[{"href":"https:\/\/www.dinegitimikongresi.com\/2022\/wp-json\/wp\/v2\/pages"}],"about":[{"href":"https:\/\/www.dinegitimikongresi.com\/2022\/wp-json\/wp\/v2\/types\/page"}],"author":[{"embeddable":true,"href":"https:\/\/www.dinegitimikongresi.com\/2022\/wp-json\/wp\/v2\/users\/1"}],"replies":[{"embeddable":true,"href":"https:\/\/www.dinegitimikongresi.com\/2022\/wp-json\/wp\/v2\/comments?post=3831"}],"version-history":[{"count":10,"href":"https:\/\/www.dinegitimikongresi.com\/2022\/wp-json\/wp\/v2\/pages\/3831\/revisions"}],"predecessor-version":[{"id":5304,"href":"https:\/\/www.dinegitimikongresi.com\/2022\/wp-json\/wp\/v2\/pages\/3831\/revisions\/5304"}],"wp:attachment":[{"href":"https:\/\/www.dinegitimikongresi.com\/2022\/wp-json\/wp\/v2\/media?parent=3831"}],"curies":[{"name":"wp","href":"https:\/\/api.w.org\/{rel}","templated":true}]}}