{"id":4515,"date":"2018-07-22T18:08:27","date_gmt":"2018-07-22T15:08:27","guid":{"rendered":"https:\/\/www.dinegitimikongresi.com\/?page_id=4515"},"modified":"2025-07-09T19:18:24","modified_gmt":"2025-07-09T16:18:24","slug":"ozet-gonder","status":"publish","type":"page","link":"https:\/\/www.dinegitimikongresi.com\/2022\/tr\/ozet-gonder\/","title":{"rendered":"\u00d6zet G\u00f6nder"},"content":{"rendered":"<div class=\"gdlr-shortcode-wrapper\"><div class=\"gdlr-item-title-wrapper gdlr-item pos-left \"><div class=\"gdlr-item-title-head\"><h3 class=\"gdlr-item-title gdlr-skin-title gdlr-skin-border gdlr-title-small\"><strong>\u00d6ZET G\u00d6NDER<\/strong><\/h3><div class=\"clear\"><\/div><\/div><div class=\"gdlr-item-title-divider\"><\/div><\/div><\/div>\n<p style=\"text-align: center;\"><strong>\u00d6zet g\u00f6nderme s\u00fcresi dolmu\u015ftur.<\/strong><\/p>\n","protected":false},"excerpt":{"rendered":"<p>\u00d6zet g\u00f6nderme s\u00fcresi dolmu\u015ftur.<\/p>\n","protected":false},"author":1,"featured_media":0,"parent":0,"menu_order":0,"comment_status":"closed","ping_status":"closed","template":"","meta":[],"_links":{"self":[{"href":"https:\/\/www.dinegitimikongresi.com\/2022\/wp-json\/wp\/v2\/pages\/4515"}],"collection":[{"href":"https:\/\/www.dinegitimikongresi.com\/2022\/wp-json\/wp\/v2\/pages"}],"about":[{"href":"https:\/\/www.dinegitimikongresi.com\/2022\/wp-json\/wp\/v2\/types\/page"}],"author":[{"embeddable":true,"href":"https:\/\/www.dinegitimikongresi.com\/2022\/wp-json\/wp\/v2\/users\/1"}],"replies":[{"embeddable":true,"href":"https:\/\/www.dinegitimikongresi.com\/2022\/wp-json\/wp\/v2\/comments?post=4515"}],"version-history":[{"count":10,"href":"https:\/\/www.dinegitimikongresi.com\/2022\/wp-json\/wp\/v2\/pages\/4515\/revisions"}],"predecessor-version":[{"id":5326,"href":"https:\/\/www.dinegitimikongresi.com\/2022\/wp-json\/wp\/v2\/pages\/4515\/revisions\/5326"}],"wp:attachment":[{"href":"https:\/\/www.dinegitimikongresi.com\/2022\/wp-json\/wp\/v2\/media?parent=4515"}],"curies":[{"name":"wp","href":"https:\/\/api.w.org\/{rel}","templated":true}]}}