{"id":4894,"date":"2022-03-16T21:09:15","date_gmt":"2022-03-16T18:09:15","guid":{"rendered":"https:\/\/www.dinegitimikongresi.com\/?page_id=4894"},"modified":"2025-07-09T19:16:06","modified_gmt":"2025-07-09T16:16:06","slug":"yayin-olanaklari","status":"publish","type":"page","link":"https:\/\/www.dinegitimikongresi.com\/2022\/tr\/yayin-olanaklari\/","title":{"rendered":"Yay\u0131n Olanaklar\u0131"},"content":{"rendered":"<p><div class=\"gdlr-shortcode-wrapper\"><div class=\"gdlr-item-title-wrapper gdlr-item pos-left \"><div class=\"gdlr-item-title-head\"><h3 class=\"gdlr-item-title gdlr-skin-title gdlr-skin-border gdlr-title-small\"><strong>YAYIN OLANAKLARI<\/strong><\/h3><div class=\"clear\"><\/div><\/div><div class=\"gdlr-item-title-divider\"><\/div><\/div><\/div>\n<\/p>\n<p>3. Uluslararas\u0131 Din E\u011fitimi Kongresinde sunulan bildirilerin \u00f6zet kitap\u00e7\u0131\u011f\u0131 PDF olarak yay\u0131mlanm\u0131\u015ft\u0131r.<\/p>\n<p>\u00d6zet bildiri kitap\u00e7\u0131\u011f\u0131 i\u00e7in\u00a0<a href=\"https:\/\/www.dinegitimikongresi.com\/wp-content\/uploads\/2022\/06\/ozet_kitabi.pdf\"><strong>t\u0131klay\u0131n\u0131z.<\/strong><\/a><\/p>\n<p>Tam metin bildiriler ise kongre sonunda k\u00f6r hakemlik s\u00fcrecinden ge\u00e7irilecek, ard\u0131ndan hakemlerin onay\u0131n\u0131 alan bildiriler uluslararas\u0131 formata uygun bir \u015fekilde kitap b\u00f6l\u00fcm\u00fc olarak yay\u0131mlanacakt\u0131r.<\/p>\n","protected":false},"excerpt":{"rendered":"<p>3. Uluslararas\u0131 Din E\u011fitimi Kongresinde sunulan bildirilerin \u00f6zet kitap\u00e7\u0131\u011f\u0131 PDF olarak yay\u0131mlanm\u0131\u015ft\u0131r. \u00d6zet bildiri kitap\u00e7\u0131\u011f\u0131 i\u00e7in\u00a0t\u0131klay\u0131n\u0131z. Tam metin bildiriler ise kongre sonunda k\u00f6r hakemlik s\u00fcrecinden ge\u00e7irilecek, ard\u0131ndan hakemlerin onay\u0131n\u0131 alan bildiriler uluslararas\u0131 formata uygun bir \u015fekilde kitap b\u00f6l\u00fcm\u00fc olarak yay\u0131mlanacakt\u0131r.<\/p>\n","protected":false},"author":1,"featured_media":0,"parent":0,"menu_order":0,"comment_status":"closed","ping_status":"closed","template":"","meta":[],"_links":{"self":[{"href":"https:\/\/www.dinegitimikongresi.com\/2022\/wp-json\/wp\/v2\/pages\/4894"}],"collection":[{"href":"https:\/\/www.dinegitimikongresi.com\/2022\/wp-json\/wp\/v2\/pages"}],"about":[{"href":"https:\/\/www.dinegitimikongresi.com\/2022\/wp-json\/wp\/v2\/types\/page"}],"author":[{"embeddable":true,"href":"https:\/\/www.dinegitimikongresi.com\/2022\/wp-json\/wp\/v2\/users\/1"}],"replies":[{"embeddable":true,"href":"https:\/\/www.dinegitimikongresi.com\/2022\/wp-json\/wp\/v2\/comments?post=4894"}],"version-history":[{"count":10,"href":"https:\/\/www.dinegitimikongresi.com\/2022\/wp-json\/wp\/v2\/pages\/4894\/revisions"}],"predecessor-version":[{"id":5324,"href":"https:\/\/www.dinegitimikongresi.com\/2022\/wp-json\/wp\/v2\/pages\/4894\/revisions\/5324"}],"wp:attachment":[{"href":"https:\/\/www.dinegitimikongresi.com\/2022\/wp-json\/wp\/v2\/media?parent=4894"}],"curies":[{"name":"wp","href":"https:\/\/api.w.org\/{rel}","templated":true}]}}